{"id":2070,"date":"2020-11-01T14:47:15","date_gmt":"2020-11-01T13:47:15","guid":{"rendered":"http:\/\/www.amisdebudange.fr\/wordpress\/?page_id=2070"},"modified":"2020-11-19T10:53:29","modified_gmt":"2020-11-19T09:53:29","slug":"panneau-5","status":"publish","type":"page","link":"http:\/\/www.amisdebudange.fr\/wordpress\/circuit-chapelle\/panneau-5\/","title":{"rendered":"Panneau 5 &#8211; La Chapelle sous le patronnage de Sainte-Anne"},"content":{"rendered":"<p><img decoding=\"async\" style=\"float:right;margin:0.5em\" src=\"http:\/\/www.amisdebudange.fr\/wordpress\/wp-content\/uploads\/2020\/11\/panneau-5.jpg\"><\/p>\n<h2>La Chapelle sous le patronnage de Sainte-Anne<\/h2>\n<div style=\"text-align:justify;margin:1em 0\">\n    Au Moyen-\u00e2ge, l&rsquo;<a href=\"#lexique-abbaye\">abbaye Notre-Dame de Justemont*<\/a> \u00e9tait \u00e0 l&rsquo;origine du <a href=\"#lexique-culte-marial\">culte marial**<\/a>, qu&rsquo;elle a d\u00e9velopp\u00e9 dans notre r\u00e9gion. Au XVIe si\u00e8cle, pour ob\u00e9ir aux injonctions de la <a href=\"#lexique-contre-reforme\">Contre-r\u00e9forme**<\/a> catholique, l&rsquo;<a href=\"#lexique-abbaye\">abbaye*<\/a> lui donna une nouvelle impulsion. Les <a href=\"#lexique-chapelle\">chapelles*<\/a> anciennes, ou nouvelles, et leurs <a href=\"#lexique-pelerinage\">p\u00e8lerinages**<\/a> en furent les lieux privil\u00e9gies. Le premier de ces p\u00e8lerinages, celui de l&rsquo;<a href=\"#lexique-assomption\">Assomption**<\/a> (le 15 ao\u00fbt), se d\u00e9roulait au sein m\u00eame de l&rsquo;<a href=\"#lexique-abbaye\">Abbye de Justemont**<\/a>, vers laquelle convergeait la foule des fid\u00e8les.<\/div>\n<div style=\"text-align:justify;margin:1em 0\">\n    Pour y p\u00e9parer les \u00e2mes, les <a href=\"#lexique-chanoine\">chanoines**<\/a> firent \u00e9difier, en contrebas de la colline de Justemont, la chapelle de Budange, d\u00e9di\u00e9e \u00e0 sainte Anne.<\/div>\n<div style=\"text-align:justify;margin:1em 0\">\n    Sainte-Anne, f\u00eat\u00e9e le 26 juillet, est la m\u00e8re de Marie, elle-m\u00eame, m\u00e8re de J\u00e9sus. Elle est la protectrice des familles. C&rsquo;est la sainte \u00e0 qui on a recours en cas de st\u00e9rilit\u00e9 f\u00e9minine ; c&rsquo;est elle qui guide les croyants sur les chemins de la Paix et de la Lumi\u00e8re. Sainte-Anne deviendra la <a href=\"#lexique-sainte-patronne\">sainte patronne**<\/a> du village de Budange.<\/div>\n<div style=\"text-align:justify;margin:1em 0\">\n    Au XVIIe si\u00e8cle, la guerre de Trente ans (1618-1648) suivie d&rsquo;un si\u00e8cle de reconstruction, va amenuiser le sens sprirituel initial du <a href=\"#lexique-pelerinage\">p\u00e8lerinage**<\/a> \u00e0 Sainte-Anne. Petit \u00e0 petit, la f\u00eate patronale villageoise prendra le pas sur la d\u00e9volution religieuse.<\/div>\n<div style=\"text-align:justify;margin:1em 0\">\n    De nos jours encore, une messe est dite \u00e0 la chapelle le dimanche suivant la Sainte-Anne et la f\u00eate patronale organis\u00e9e par les Amis de Budange se d\u00e9roule la veille au soir et le jour m\u00eame, dans le haut du village.<\/div>\n<div style=\"text-align:justify;margin:1em 0\">\n<h3>Lexique architectural<\/h3>\n<ul>\n<li id=\"lexique-chapelle\"><strong>CHAPELLE :<\/strong> petite \u00e9glise consacr\u00e9e au culte catholique, ne correspondant pas \u00e0 une paroisse.<\/li>\n<\/ul>\n<h3>Lexique religieux<\/h3>\n<ul>\n<li id=\"lexique-abbaye\"><strong>ABBAYE DE JUSTEMONT :<\/strong> (entre fondation l\u00e9gendaire et r\u00e9alit\u00e9&#8230;) Une pieuse l\u00e9gende raconte que sur la colline au dessus de Beuvange, vivait un ermite du nom de Zacharie. C&rsquo;\u00e9tait un homme juste et  bon, mais aussi un pr\u00e9dicateur influent, dont l&rsquo;exemplarit\u00e9 eut t\u00f4t fait d&rsquo;attirer autour de lui plusieurs fid\u00e8les. C\u2019est la raison pour laquelle, Euph\u00e9mie de Watronville, s\u0153ur d&rsquo;Ursion, l&rsquo;\u00e9v\u00eaque de Metz, avait fait un don aux fr\u00e8res entourant l&rsquo;ermite dans le but de fonder une abbaye sur le \u00ab&nbsp;Mont du Juste&nbsp;\u00bb. Dans la r\u00e9alit\u00e9, suite au don d&rsquo;Euph\u00e9mie, l&rsquo;abbaye fut fond\u00e9e entre 1137 et 1141 (et non, comme on l\u2019a souvent pr\u00e9tendu,  en 1124), par des chanoines pr\u00e9montr\u00e9s venus de Metz.<\/li>\n<li id=\"lexique-assomption\"><strong>ASSOMPTION :<\/strong> enl\u00e8vement miraculeux de la Vierge Marie, mont\u00e9e au ciel o\u00f9 elle tr\u00f4ne \u00e0 la droite du Christ. La f\u00eate comm\u00e9morative de l&rsquo;Assomption a lieu  le 15 ao\u00fbt.<\/li>\n<li id=\"lexique-chanoine\"><strong>CHANOINE :<\/strong> dignitaire catholique (homme qui a du pouvoir), parfois la\u00efc, mais le plus souvent r\u00e9gulier, (religieux ob\u00e9issant \u00e0 une r\u00e8gle), et fr\u00e9quemment conseiller de l&rsquo;\u00e9v\u00eaque.<\/li>\n<li id=\"lexique-contre-reforme\"><strong>CONTRE-R\u00c9FORME :<\/strong> c\u2019est la  r\u00e9forme catholique (XVIe si\u00e8cle), qui succ\u00e9da \u00e0 la R\u00e9forme dite protestante et dans le but de s&rsquo;y opposer.<\/li>\n<li id=\"lexique-culte-marial\"><strong>CULTE MARIAL :<\/strong><\/li>\n<li id=\"lexique-pelerinage\"><strong>P\u00c8LERINAGE :<\/strong> voyage (proche ou lointain) qu&rsquo;accomplissent les fid\u00e8les d&rsquo;une religion vers un lieu saint dans le but d&rsquo;obtenir une intercession aupr\u00e8s de Dieu (gu\u00e9rison, protection, pardon \u2026), ou par d\u00e9sir de m\u00e9ditation. Acte religieux aidant au salut, le p\u00e8lerinage rev\u00eatait le plus souvent un aspect m\u00e9ritoire&nbsp;: il s\u2019agissait  obtenir quelque chose, mais \u00e0 la condition de s&rsquo;y \u00eatre pr\u00e9par\u00e9 (y venir purifi\u00e9, recueilli, contrit..), tout en faisant des pri\u00e8res, voire un don.<\/li>\n<li id=\"lexique-sainte-patronne\"><strong>SAINTE PATRONNE :<\/strong> saint(e) \u00e0 qui est d\u00e9di\u00e9e une \u00e9glise ou une chapelle. \u00c0 Budange, la statue errante de sainte Anne telle une personne, fixa le lieu d&rsquo;installation de la chapelle. Selon sa volont\u00e9 manifest\u00e9e, les fid\u00e8les lui attribu\u00e8rent donc la protection de la chapelle (son patronage), et par suite celle du village.<\/li>\n<\/ul>\n<\/div>\n","protected":false},"excerpt":{"rendered":"<p>La Chapelle sous le patronnage de Sainte-Anne Au Moyen-\u00e2ge, l&rsquo;abbaye Notre-Dame de Justemont* \u00e9tait \u00e0 l&rsquo;origine du culte marial**, qu&rsquo;elle a d\u00e9velopp\u00e9 dans notre r\u00e9gion. Au XVIe si\u00e8cle, pour ob\u00e9ir aux injonctions de la&#46;&#46;&#46;<\/p>\n","protected":false},"author":1,"featured_media":0,"parent":1896,"menu_order":0,"comment_status":"closed","ping_status":"closed","template":"","meta":{"ngg_post_thumbnail":0,"footnotes":""},"class_list":["post-2070","page","type-page","status-publish","hentry"],"_links":{"self":[{"href":"http:\/\/www.amisdebudange.fr\/wordpress\/wp-json\/wp\/v2\/pages\/2070","targetHints":{"allow":["GET"]}}],"collection":[{"href":"http:\/\/www.amisdebudange.fr\/wordpress\/wp-json\/wp\/v2\/pages"}],"about":[{"href":"http:\/\/www.amisdebudange.fr\/wordpress\/wp-json\/wp\/v2\/types\/page"}],"author":[{"embeddable":true,"href":"http:\/\/www.amisdebudange.fr\/wordpress\/wp-json\/wp\/v2\/users\/1"}],"replies":[{"embeddable":true,"href":"http:\/\/www.amisdebudange.fr\/wordpress\/wp-json\/wp\/v2\/comments?post=2070"}],"version-history":[{"count":3,"href":"http:\/\/www.amisdebudange.fr\/wordpress\/wp-json\/wp\/v2\/pages\/2070\/revisions"}],"predecessor-version":[{"id":2116,"href":"http:\/\/www.amisdebudange.fr\/wordpress\/wp-json\/wp\/v2\/pages\/2070\/revisions\/2116"}],"up":[{"embeddable":true,"href":"http:\/\/www.amisdebudange.fr\/wordpress\/wp-json\/wp\/v2\/pages\/1896"}],"wp:attachment":[{"href":"http:\/\/www.amisdebudange.fr\/wordpress\/wp-json\/wp\/v2\/media?parent=2070"}],"curies":[{"name":"wp","href":"https:\/\/api.w.org\/{rel}","templated":true}]}}