{"id":2072,"date":"2020-11-01T14:47:49","date_gmt":"2020-11-01T13:47:49","guid":{"rendered":"http:\/\/www.amisdebudange.fr\/wordpress\/?page_id=2072"},"modified":"2020-11-19T09:59:49","modified_gmt":"2020-11-19T08:59:49","slug":"panneau-6","status":"publish","type":"page","link":"http:\/\/www.amisdebudange.fr\/wordpress\/circuit-chapelle\/panneau-6\/","title":{"rendered":"Panneau 6 &#8211; Les vergers"},"content":{"rendered":"<p><img decoding=\"async\" style=\"float:right;margin:0.5em\" src=\"http:\/\/www.amisdebudange.fr\/wordpress\/wp-content\/uploads\/2020\/11\/panneau-6.jpg\"><\/p>\n<h2>Les vergers<\/h2>\n<h3>La cerisaie de Budange<\/h3>\n<h4>Une cerisaie au XIXe si\u00e8cle<\/h4>\n<div style=\"text-align:justify;margin:1em 0\">\n    Les cerises que l&rsquo;on f\u00eatait \u00e0 Fameck au mois de juin avaient fait la c\u00e9l\u00e9brit\u00e9 des villages de la commune, comme les fraises, celle de Woippy.<\/div>\n<div style=\"text-align:justify;margin:1em 0\">\n    Certes, les cerisiers \u00e9taient estim\u00e9s dans tout le pays depuis le Moyen \u00c2ge, mais c&rsquo;est \u00e0 la fin du XIXe si\u00e8cle, que les paysans du cru avaient plant\u00e9 des arbres fruitiers pour remplacer le vignoble alors en d\u00e9clin.<\/div>\n<div style=\"text-align:justify;margin:1em 0\">\n    Savamment align\u00e9s, les cerisiers \u00e0 l&rsquo;entretien facile, offraient aux anciens vignerons des revenus appr\u00e9ciables ; ils peupl\u00e8rent alors les coteaux calcaires de la colline et, en contre bas, s&rsquo;\u00e9tir\u00e8rent dans LA grasse prairie, \u00e0 proximit\u00e9 des habitations et des jardins potagers.<\/div>\n<h4>Le bonheur d&rsquo;une cerisaie retrouv\u00e9e<\/h4>\n<div style=\"text-align:justify;margin:1em 0\">\n    Petit fruit rouge d\u00e9licieux, d\u00e9gust\u00e9 aussit\u00f4t cueilli, on appr\u00e9ciait aussi la cerise en tartes, clafoutis, \u00e0 l&rsquo;eau de vie ou en liqueur ; distill\u00e9, il devenait kirsch. Il servait aussi de pendants d&rsquo;oreille aux belles du villages qui venaient se promener dans les verges ! Il ravissait les petits villageois qui venaient les chaparder, en cachette des propri\u00e9taires, et s&rsquo;en r\u00e9galaient.<\/div>\n<div style=\"text-align:justify;margin:1em 0\">\n    On en trouvait alors de multiples vari\u00e9t\u00e9s : des cerises sauvages : griottes ou merises, les incomparables bigarreaux, burlats, la petite c\u0153ur de pigeon ou la grosse cerise blanche &#8230;<\/div>\n<div style=\"text-align:justify;margin:1em 0\">\n    Nous esp\u00e9rons que gr\u00e2ce \u00e0 ces arbres pr\u00e9serv\u00e9s, les promeneurs retrouveront le go\u00fbt des plaisirs simples d&rsquo;autrefois.<\/div>\n","protected":false},"excerpt":{"rendered":"<p>Les vergers La cerisaie de Budange Une cerisaie au XIXe si\u00e8cle Les cerises que l&rsquo;on f\u00eatait \u00e0 Fameck au mois de juin avaient fait la c\u00e9l\u00e9brit\u00e9 des villages de la commune, comme les fraises,&#46;&#46;&#46;<\/p>\n","protected":false},"author":1,"featured_media":0,"parent":1896,"menu_order":0,"comment_status":"closed","ping_status":"closed","template":"","meta":{"ngg_post_thumbnail":0,"footnotes":""},"class_list":["post-2072","page","type-page","status-publish","hentry"],"_links":{"self":[{"href":"http:\/\/www.amisdebudange.fr\/wordpress\/wp-json\/wp\/v2\/pages\/2072","targetHints":{"allow":["GET"]}}],"collection":[{"href":"http:\/\/www.amisdebudange.fr\/wordpress\/wp-json\/wp\/v2\/pages"}],"about":[{"href":"http:\/\/www.amisdebudange.fr\/wordpress\/wp-json\/wp\/v2\/types\/page"}],"author":[{"embeddable":true,"href":"http:\/\/www.amisdebudange.fr\/wordpress\/wp-json\/wp\/v2\/users\/1"}],"replies":[{"embeddable":true,"href":"http:\/\/www.amisdebudange.fr\/wordpress\/wp-json\/wp\/v2\/comments?post=2072"}],"version-history":[{"count":3,"href":"http:\/\/www.amisdebudange.fr\/wordpress\/wp-json\/wp\/v2\/pages\/2072\/revisions"}],"predecessor-version":[{"id":2111,"href":"http:\/\/www.amisdebudange.fr\/wordpress\/wp-json\/wp\/v2\/pages\/2072\/revisions\/2111"}],"up":[{"embeddable":true,"href":"http:\/\/www.amisdebudange.fr\/wordpress\/wp-json\/wp\/v2\/pages\/1896"}],"wp:attachment":[{"href":"http:\/\/www.amisdebudange.fr\/wordpress\/wp-json\/wp\/v2\/media?parent=2072"}],"curies":[{"name":"wp","href":"https:\/\/api.w.org\/{rel}","templated":true}]}}