{"id":2076,"date":"2020-11-01T14:48:40","date_gmt":"2020-11-01T13:48:40","guid":{"rendered":"http:\/\/www.amisdebudange.fr\/wordpress\/?page_id=2076"},"modified":"2020-11-28T12:01:10","modified_gmt":"2020-11-28T11:01:10","slug":"panneau-8","status":"publish","type":"page","link":"http:\/\/www.amisdebudange.fr\/wordpress\/circuit-chapelle\/panneau-8\/","title":{"rendered":"Panneau 8 &#8211; Les chouettes"},"content":{"rendered":"<p><img decoding=\"async\" style=\"float:right;margin:0.5em\" src=\"http:\/\/www.amisdebudange.fr\/wordpress\/wp-content\/uploads\/2020\/11\/panneau-8.jpg\"><\/p>\n<h2>Les oiseaux visibles \u00e0 Budange<\/h2>\n<h3>Les chouettes<\/h3>\n<h4>Chouette effraie &#8211; 35cm<\/h4>\n<div style=\"text-align:justify;margin:1em 0\">\n    On l&rsquo;appelait autrefois effraie des clochers, car chaque \u00e9glise poss\u00e9dait son couple. H\u00e9las, l&rsquo;engrillagement de ces lieux a fait que la population de ce rapace strictement nocturne est en chute libre.<\/p>\n<p>La chapelle Sainte-Anne poss\u00e8de un nichoir pour la chouette effraie depuis plusieurs ann\u00e9es et il est toujours occup\u00e9.<\/p>\n<p>S\u00e9dentaire, elle se fait remarquer par ses fientes blanches et ses pelotes de r\u00e9jection qui contiennent les restes des rongeurs (mulots, souris et autres campagnols).<\/p>\n<p>Ces pelotes de r\u00e9jection ont sauv\u00e9 cette chouette car dans un pass\u00e9 r\u00e9cent on la prenait pour un fant\u00f4me avec son dessous blanc et son vol silencieux. Aussi, depuis 1976, les rapaces sont-ils tous prot\u00e9g\u00e9s. Aujourd&rsquo;hui, elle est vraiment l&rsquo;amie des jardinier et des agriculteurs.<\/p>\n<\/div>\n<h4>Chouette chev\u00eache &#8211; 25cm<\/h4>\n<div style=\"text-align:justify;margin:1em 0\">\n    C&rsquo;est une petite chouette fr\u00e9quentant nos vergers car elle aime les vieux arbres creux. On peut l&rsquo;apercevoir ici en plein jour.<\/p>\n<p>En \u00e9t\u00e9, elle est insectivore et en hiver, elle se rabat sur les petits rongeurs et petits oiseaux.<\/p>\n<p>La Ligue pour la Protection des Oiseaux installe dans nos vergers si riches en biodiversit\u00e9 des nichoirs pour prot\u00e9ger ce petit nocturne.<\/p>\n<\/div>\n<div style=\"border:1px solid #056bc0;background-color:#c1d8eb;font-align:justify;padding:0.2em;margin:1.5em;min-height:190px\">\n<div style=\"float:left;text-align:center\">\n        <img decoding=\"async\" src=\"http:\/\/www.amisdebudange.fr\/wordpress\/wp-content\/uploads\/2020\/11\/logo-lpo.png\" alt=\"LPO\" style=\"margin:.5em\" width=\"175\"><\/div>\n<div style=\"padding:1em\">\n<h3>Coordonn\u00e9es de la <abbr title=\"Ligue de Protection des Oiseaux\">LPO<\/abbr> de Moselle<\/h3>\n<ul>\n<li style=\"list-style:none\"><strong>Adresse :<\/strong> 27 rue Wilson 57300 Hagondange<\/li>\n<li style=\"list-style:none\"><strong>Num\u00e9ro de t\u00e9l\u00e9phone :<\/strong> <a href=\"tel:+33387618583\">03 87 61 85 83<\/a><\/li>\n<li style=\"list-style:none\"><strong>Email :<\/strong> <a href=\"mailto:moselle@lpo.fr\">moselle@lpo.fr <\/a><\/li>\n<\/ul>\n<\/div>\n<\/div>\n","protected":false},"excerpt":{"rendered":"<p>Les oiseaux visibles \u00e0 Budange Les chouettes Chouette effraie &#8211; 35cm On l&rsquo;appelait autrefois effraie des clochers, car chaque \u00e9glise poss\u00e9dait son couple. H\u00e9las, l&rsquo;engrillagement de ces lieux a fait que la population de&#46;&#46;&#46;<\/p>\n","protected":false},"author":1,"featured_media":0,"parent":1896,"menu_order":0,"comment_status":"closed","ping_status":"closed","template":"","meta":{"ngg_post_thumbnail":0,"footnotes":""},"class_list":["post-2076","page","type-page","status-publish","hentry"],"_links":{"self":[{"href":"http:\/\/www.amisdebudange.fr\/wordpress\/wp-json\/wp\/v2\/pages\/2076","targetHints":{"allow":["GET"]}}],"collection":[{"href":"http:\/\/www.amisdebudange.fr\/wordpress\/wp-json\/wp\/v2\/pages"}],"about":[{"href":"http:\/\/www.amisdebudange.fr\/wordpress\/wp-json\/wp\/v2\/types\/page"}],"author":[{"embeddable":true,"href":"http:\/\/www.amisdebudange.fr\/wordpress\/wp-json\/wp\/v2\/users\/1"}],"replies":[{"embeddable":true,"href":"http:\/\/www.amisdebudange.fr\/wordpress\/wp-json\/wp\/v2\/comments?post=2076"}],"version-history":[{"count":16,"href":"http:\/\/www.amisdebudange.fr\/wordpress\/wp-json\/wp\/v2\/pages\/2076\/revisions"}],"predecessor-version":[{"id":2146,"href":"http:\/\/www.amisdebudange.fr\/wordpress\/wp-json\/wp\/v2\/pages\/2076\/revisions\/2146"}],"up":[{"embeddable":true,"href":"http:\/\/www.amisdebudange.fr\/wordpress\/wp-json\/wp\/v2\/pages\/1896"}],"wp:attachment":[{"href":"http:\/\/www.amisdebudange.fr\/wordpress\/wp-json\/wp\/v2\/media?parent=2076"}],"curies":[{"name":"wp","href":"https:\/\/api.w.org\/{rel}","templated":true}]}}