{"id":2079,"date":"2020-11-01T14:49:36","date_gmt":"2020-11-01T13:49:36","guid":{"rendered":"http:\/\/www.amisdebudange.fr\/wordpress\/?page_id=2079"},"modified":"2020-11-28T12:02:41","modified_gmt":"2020-11-28T11:02:41","slug":"panneau-10","status":"publish","type":"page","link":"http:\/\/www.amisdebudange.fr\/wordpress\/circuit-chapelle\/panneau-10\/","title":{"rendered":"Panneau 10 &#8211; Les oiseaux des haies et des vergers"},"content":{"rendered":"<p><img decoding=\"async\" style=\"float:right;margin:0.5em\" src=\"http:\/\/www.amisdebudange.fr\/wordpress\/wp-content\/uploads\/2020\/11\/panneau-10.jpg\"><\/p>\n<h2>Les oiseaux visibles \u00e0 Budange<\/h2>\n<h3>Les oiseaux des haies et des vergers<\/h3>\n<h4>Fauvette \u00e0 t\u00eate noire &#8211; 14cm<\/h4>\n<div style=\"text-align:justify;margin:1em 0\">\n    Esp\u00e8ce tr\u00e8s commune dans les parcs, les vergers et les sous-bois. Migratrice, elle essaie depuis plusieurs ann\u00e9es de rester chez nous pour passer l&rsquo;hiver et \u00e9viter ainsi les longs trajets migratoires. Le m\u00e2le a la calotte noire et la femelle la calotte rousse.<\/div>\n<h4>M\u00e9sange charbonni\u00e8re &#8211; 11cm<\/h4>\n<div style=\"text-align:justify;margin:1em 0\">\n    Tr\u00e8s commune, elle fr\u00e9quente facilement les nichoirs avec un trou d&rsquo;envol de 32mm. La Ligue pour la Protection des Oiseaux propose aux communes infest\u00e9es par les chenilles processionnaires d&rsquo;installer ces nichoirs, car elle est, avec le coucou, un des rares pr\u00e9dateurs de cette chenille. Le m\u00e2le a une cravate plus large et continue que la femelle.<\/div>\n<h4>Pie bavarde &#8211; 46cm dont la queue 23cm<\/h4>\n<div style=\"text-align:justify;margin:1em 0\">\n    Elle se reconna\u00eet ais\u00e9ment \u00e0 son plumage blanc et noir avec des reflets bleus et \u00e0 sa longue queue. Son nid en forme de d\u00f4me en haut d&rsquo;un grand arbre est garni d&rsquo;objets les plus brillants qu&rsquo;elle puisse trouver afin d&rsquo;attirer une femelle, d&rsquo;o\u00f9 son surnom de pie voleuse.<\/p>\n<div>\n<h4>\u00c9tourneau sansonnet &#8211; 21cm<\/h4>\n<div style=\"text-align:justify;margin:1em 0\">\nEsp\u00e8ce abondante, qui vit dans des nichoirs ou des cavit\u00e9s de vieux arbres. Gros insectivore, super imitateur, son chant au printemps est vraiment sublime.<\/p>\n<p>En hiver, ils se regroupent par milliers d&rsquo;individus et forment ce qu&rsquo;on appelle des dortoirs.<\/p>\n<\/div>\n<h4>M\u00e9sange bleue &#8211; 11cm<\/h4>\n<div style=\"text-align:justify;margin:1em 0\">\n    Esp\u00e8ce tr\u00e8s commune qui fr\u00e9quente aussi les nichoirs. Elle est plus petite que la charbonni\u00e8re dont elle se fait n\u00e9anmoins respecter \u00e0 la mangeoire en hiver. Ses nich\u00e9es importantes (10 \u0153ufs) en font un redoutable pr\u00e9dateur de chenilles. Ses petits toujours affam\u00e9s les d\u00e9vorent par centaine.<\/div>\n<\/div>\n<\/div>\n<div style=\"border:1px solid #056bc0;background-color:#c1d8eb;font-align:justify;padding:0.2em;margin:1.5em;min-height:190px\">\n<div style=\"float:left;text-align:center\">\n        <img decoding=\"async\" src=\"http:\/\/www.amisdebudange.fr\/wordpress\/wp-content\/uploads\/2020\/11\/logo-lpo.png\" alt=\"LPO\" style=\"margin:.5em\" width=\"175\"><\/div>\n<div style=\"padding:1em\">\n<h3>Coordonn\u00e9es de la <abbr title=\"Ligue de Protection des Oiseaux\">LPO<\/abbr> de Moselle<\/h3>\n<ul>\n<li style=\"list-style:none\"><strong>Adresse :<\/strong> 27 rue Wilson 57300 Hagondange<\/li>\n<li style=\"list-style:none\"><strong>Num\u00e9ro de t\u00e9l\u00e9phone :<\/strong> <a href=\"tel:+33387618583\">03 87 61 85 83<\/a><\/li>\n<li style=\"list-style:none\"><strong>Email :<\/strong> <a href=\"mailto:moselle@lpo.fr\">moselle@lpo.fr <\/a><\/li>\n<\/ul>\n<\/div>\n<\/div>\n","protected":false},"excerpt":{"rendered":"<p>Les oiseaux visibles \u00e0 Budange Les oiseaux des haies et des vergers Fauvette \u00e0 t\u00eate noire &#8211; 14cm Esp\u00e8ce tr\u00e8s commune dans les parcs, les vergers et les sous-bois. Migratrice, elle essaie depuis plusieurs&#46;&#46;&#46;<\/p>\n","protected":false},"author":1,"featured_media":0,"parent":1896,"menu_order":0,"comment_status":"closed","ping_status":"closed","template":"","meta":{"ngg_post_thumbnail":0,"footnotes":""},"class_list":["post-2079","page","type-page","status-publish","hentry"],"_links":{"self":[{"href":"http:\/\/www.amisdebudange.fr\/wordpress\/wp-json\/wp\/v2\/pages\/2079","targetHints":{"allow":["GET"]}}],"collection":[{"href":"http:\/\/www.amisdebudange.fr\/wordpress\/wp-json\/wp\/v2\/pages"}],"about":[{"href":"http:\/\/www.amisdebudange.fr\/wordpress\/wp-json\/wp\/v2\/types\/page"}],"author":[{"embeddable":true,"href":"http:\/\/www.amisdebudange.fr\/wordpress\/wp-json\/wp\/v2\/users\/1"}],"replies":[{"embeddable":true,"href":"http:\/\/www.amisdebudange.fr\/wordpress\/wp-json\/wp\/v2\/comments?post=2079"}],"version-history":[{"count":6,"href":"http:\/\/www.amisdebudange.fr\/wordpress\/wp-json\/wp\/v2\/pages\/2079\/revisions"}],"predecessor-version":[{"id":2148,"href":"http:\/\/www.amisdebudange.fr\/wordpress\/wp-json\/wp\/v2\/pages\/2079\/revisions\/2148"}],"up":[{"embeddable":true,"href":"http:\/\/www.amisdebudange.fr\/wordpress\/wp-json\/wp\/v2\/pages\/1896"}],"wp:attachment":[{"href":"http:\/\/www.amisdebudange.fr\/wordpress\/wp-json\/wp\/v2\/media?parent=2079"}],"curies":[{"name":"wp","href":"https:\/\/api.w.org\/{rel}","templated":true}]}}