{"id":2081,"date":"2020-11-01T14:51:24","date_gmt":"2020-11-01T13:51:24","guid":{"rendered":"http:\/\/www.amisdebudange.fr\/wordpress\/?page_id=2081"},"modified":"2020-11-28T12:02:32","modified_gmt":"2020-11-28T11:02:32","slug":"panneau-9","status":"publish","type":"page","link":"http:\/\/www.amisdebudange.fr\/wordpress\/circuit-chapelle\/panneau-9\/","title":{"rendered":"Panneau 9 &#8211; Les oiseaux des haies et des vergers"},"content":{"rendered":"<p><img decoding=\"async\" style=\"float:right;margin:0.5em\" src=\"http:\/\/www.amisdebudange.fr\/wordpress\/wp-content\/uploads\/2020\/11\/panneau-9.jpg\"><\/p>\n<h2>Les oiseaux visibles \u00e0 Budange<\/h2>\n<h3>Les oiseaux des haies et des vergers<\/h3>\n<h4>Rouge queue \u00e0 front blanc &#8211; 14cm<\/h4>\n<div style=\"text-align:justify;margin:1em 0\">\nLe m\u00e2le est un des plus beaux oiseaux de nos vieux vergers lorrains. Migrateur, il nous revient vers fin avril. Il aime nicher dans les cavit\u00e9s des vieux fruitiers, mais aussi dans les nichoirs pr\u00e9vus pour les m\u00e9sanges.<\/div>\n<h4>Pic \u00e9peiche &#8211; 23cm<\/h4>\n<div style=\"text-align:justify;margin:1em 0\">\nS\u00e9dentaire, c&rsquo;est le plus commun et le plus r\u00e9pandu des pics. Pour marquer son territoire il tambourine sur une branche creuse. Il fait son nid en per\u00e7ant les troncs pour faire ce qu&rsquo;on appelle une loge. Abandonn\u00e9, ce nid fera le bonheur d&rsquo;autres animaux (m\u00e9sanges, chauve-souris ou l\u00e9rots). Il aime manger des larves dans les bois morts.<\/div>\n<h4>Merle &#8211; 25cm<\/h4>\n<div style=\"text-align:justify;margin:1em 0\">\nEsp\u00e8ce s\u00e9dentaire, abondante dans les jardins, parcs et for\u00eats. Le m\u00e2le se reconna\u00eet ais\u00e9ment \u00e0 son plumage noir et son bec orange. Grand amateur de lombrics, il les attire en tapant le sol de ses pattes, leur faisant croire que la pluie arrive !<\/div>\n<h4>Pigeon ramier &#8211; 41cm<\/h4>\n<div style=\"text-align:justify;margin:1em 0\">\nPigeon sauvage fr\u00e9quentant nos vergers et nos for\u00eats. Migrateur, il fait l&rsquo;objet d&rsquo;une chasse effr\u00e9n\u00e9e dans le Sud-Ouest o\u00f9 il est appel\u00e9 palombe.<\/div>\n<h4>Rouge gorge &#8211; 14cm<\/h4>\n<div style=\"text-align:justify;margin:1em 0\">\nC&rsquo;est l&rsquo;oiseau le plus connu gr\u00e2ce \u00e0 sa poitrine&#8230; orange. Tr\u00e8s familier, il n&rsquo;h\u00e9site pas \u00e0 embo\u00eeter le pas du b\u00eacheur pour attraper des insectes. Solitaire, il a un caract\u00e8re tr\u00e8s irascible envers ses cong\u00e9n\u00e8res et n&rsquo;h\u00e9site pas \u00e0 se battre.<\/div>\n<div style=\"border:1px solid #056bc0;background-color:#c1d8eb;font-align:justify;padding:0.2em;margin:1.5em;min-height:190px\">\n<div style=\"float:left;text-align:center\">\n        <img decoding=\"async\" src=\"http:\/\/www.amisdebudange.fr\/wordpress\/wp-content\/uploads\/2020\/11\/logo-lpo.png\" alt=\"LPO\" style=\"margin:.5em\" width=\"175\"><\/div>\n<div style=\"padding:1em\">\n<h3>Coordonn\u00e9es de la <abbr title=\"Ligue de Protection des Oiseaux\">LPO<\/abbr> de Moselle<\/h3>\n<ul>\n<li style=\"list-style:none\"><strong>Adresse :<\/strong> 27 rue Wilson 57300 Hagondange<\/li>\n<li style=\"list-style:none\"><strong>Num\u00e9ro de t\u00e9l\u00e9phone :<\/strong> <a href=\"tel:+33387618583\">03 87 61 85 83<\/a><\/li>\n<li style=\"list-style:none\"><strong>Email :<\/strong> <a href=\"mailto:moselle@lpo.fr\">moselle@lpo.fr <\/a><\/li>\n<\/ul>\n<\/div>\n<\/div>\n","protected":false},"excerpt":{"rendered":"<p>Les oiseaux visibles \u00e0 Budange Les oiseaux des haies et des vergers Rouge queue \u00e0 front blanc &#8211; 14cm Le m\u00e2le est un des plus beaux oiseaux de nos vieux vergers lorrains. Migrateur, il&#46;&#46;&#46;<\/p>\n","protected":false},"author":1,"featured_media":0,"parent":1896,"menu_order":0,"comment_status":"closed","ping_status":"closed","template":"","meta":{"ngg_post_thumbnail":0,"footnotes":""},"class_list":["post-2081","page","type-page","status-publish","hentry"],"_links":{"self":[{"href":"http:\/\/www.amisdebudange.fr\/wordpress\/wp-json\/wp\/v2\/pages\/2081","targetHints":{"allow":["GET"]}}],"collection":[{"href":"http:\/\/www.amisdebudange.fr\/wordpress\/wp-json\/wp\/v2\/pages"}],"about":[{"href":"http:\/\/www.amisdebudange.fr\/wordpress\/wp-json\/wp\/v2\/types\/page"}],"author":[{"embeddable":true,"href":"http:\/\/www.amisdebudange.fr\/wordpress\/wp-json\/wp\/v2\/users\/1"}],"replies":[{"embeddable":true,"href":"http:\/\/www.amisdebudange.fr\/wordpress\/wp-json\/wp\/v2\/comments?post=2081"}],"version-history":[{"count":6,"href":"http:\/\/www.amisdebudange.fr\/wordpress\/wp-json\/wp\/v2\/pages\/2081\/revisions"}],"predecessor-version":[{"id":2147,"href":"http:\/\/www.amisdebudange.fr\/wordpress\/wp-json\/wp\/v2\/pages\/2081\/revisions\/2147"}],"up":[{"embeddable":true,"href":"http:\/\/www.amisdebudange.fr\/wordpress\/wp-json\/wp\/v2\/pages\/1896"}],"wp:attachment":[{"href":"http:\/\/www.amisdebudange.fr\/wordpress\/wp-json\/wp\/v2\/media?parent=2081"}],"curies":[{"name":"wp","href":"https:\/\/api.w.org\/{rel}","templated":true}]}}